{"id":48,"date":"2021-01-18T10:41:51","date_gmt":"2021-01-18T09:41:51","guid":{"rendered":"http:\/\/wpdogrodzenia.pl\/?page_id=48"},"modified":"2021-01-29T20:47:20","modified_gmt":"2021-01-29T19:47:20","slug":"betonowe","status":"publish","type":"page","link":"http:\/\/wpdogrodzenia.pl\/index.php\/oferta\/betonowe\/","title":{"rendered":"Betonowe"},"content":{"rendered":"\t\t<div data-elementor-type=\"wp-page\" data-elementor-id=\"48\" class=\"elementor elementor-48\" data-elementor-post-type=\"page\">\n\t\t\t\t\t\t<section class=\"elementor-section elementor-top-section elementor-element elementor-element-3a72062 elementor-section-boxed elementor-section-height-default elementor-section-height-default\" data-id=\"3a72062\" data-element_type=\"section\" data-e-type=\"section\" data-settings=\"{&quot;background_background&quot;:&quot;classic&quot;}\">\n\t\t\t\t\t\t\t<div class=\"elementor-background-overlay\"><\/div>\n\t\t\t\t\t\t\t<div class=\"elementor-container elementor-column-gap-default\">\n\t\t\t\t\t<div class=\"elementor-column elementor-col-100 elementor-top-column elementor-element elementor-element-4887d5c3\" data-id=\"4887d5c3\" data-element_type=\"column\" data-e-type=\"column\">\n\t\t\t<div class=\"elementor-widget-wrap elementor-element-populated\">\n\t\t\t\t\t\t<div class=\"elementor-element elementor-element-e8df136 elementor-widget elementor-widget-spacer\" data-id=\"e8df136\" data-element_type=\"widget\" data-e-type=\"widget\" data-widget_type=\"spacer.default\">\n\t\t\t\t<div class=\"elementor-widget-container\">\n\t\t\t\t\t\t\t<div class=\"elementor-spacer\">\n\t\t\t<div class=\"elementor-spacer-inner\"><\/div>\n\t\t<\/div>\n\t\t\t\t\t\t<\/div>\n\t\t\t\t<\/div>\n\t\t\t\t\t<\/div>\n\t\t<\/div>\n\t\t\t\t\t<\/div>\n\t\t<\/section>\n\t\t\t\t<section class=\"elementor-section elementor-top-section elementor-element elementor-element-1c929bec elementor-reverse-mobile elementor-section-boxed elementor-section-height-default elementor-section-height-default\" data-id=\"1c929bec\" data-element_type=\"section\" data-e-type=\"section\">\n\t\t\t\t\t\t<div class=\"elementor-container elementor-column-gap-default\">\n\t\t\t\t\t<div class=\"elementor-column elementor-col-50 elementor-top-column elementor-element elementor-element-4ad4afd4\" data-id=\"4ad4afd4\" data-element_type=\"column\" data-e-type=\"column\">\n\t\t\t<div class=\"elementor-widget-wrap elementor-element-populated\">\n\t\t\t\t\t\t<div class=\"elementor-element elementor-element-5cb8fefe elementor-nav-menu--dropdown-none elementor-widget elementor-widget-nav-menu\" data-id=\"5cb8fefe\" data-element_type=\"widget\" data-e-type=\"widget\" data-settings=\"{&quot;layout&quot;:&quot;vertical&quot;,&quot;submenu_icon&quot;:{&quot;value&quot;:&quot;&lt;i class=\\&quot;fas fa-caret-down\\&quot;&gt;&lt;\\\/i&gt;&quot;,&quot;library&quot;:&quot;fa-solid&quot;}}\" data-widget_type=\"nav-menu.default\">\n\t\t\t\t<div class=\"elementor-widget-container\">\n\t\t\t\t\t\t\t\t<nav aria-label=\"Menu\" class=\"elementor-nav-menu--main elementor-nav-menu__container elementor-nav-menu--layout-vertical e--pointer-background e--animation-fade\">\n\t\t\t\t<ul id=\"menu-1-5cb8fefe\" class=\"elementor-nav-menu sm-vertical\"><li class=\"menu-item menu-item-type-post_type menu-item-object-page menu-item-304\"><a href=\"http:\/\/wpdogrodzenia.pl\/index.php\/oferta\/wiaty-i-zadaszenia\/\" class=\"elementor-item\">Wiaty i zadaszenia<\/a><\/li>\n<li class=\"menu-item menu-item-type-post_type menu-item-object-page menu-item-302\"><a href=\"http:\/\/wpdogrodzenia.pl\/index.php\/oferta\/palisadowe\/\" class=\"elementor-item\">Palisadowe<\/a><\/li>\n<li class=\"menu-item menu-item-type-post_type menu-item-object-page menu-item-303\"><a href=\"http:\/\/wpdogrodzenia.pl\/index.php\/oferta\/panelowe\/\" class=\"elementor-item\">Panelowe<\/a><\/li>\n<li class=\"menu-item menu-item-type-post_type menu-item-object-page menu-item-298\"><a href=\"http:\/\/wpdogrodzenia.pl\/index.php\/oferta\/gabiony\/\" class=\"elementor-item\">Gabiony<\/a><\/li>\n<li class=\"menu-item menu-item-type-post_type menu-item-object-page menu-item-301\"><a href=\"http:\/\/wpdogrodzenia.pl\/index.php\/oferta\/betonowe\/\" class=\"elementor-item\">Betonowe<\/a><\/li>\n<li class=\"menu-item menu-item-type-post_type menu-item-object-page menu-item-300\"><a href=\"http:\/\/wpdogrodzenia.pl\/index.php\/oferta\/bramy\/\" class=\"elementor-item\">Bramy<\/a><\/li>\n<li class=\"menu-item menu-item-type-post_type menu-item-object-page menu-item-297\"><a href=\"http:\/\/wpdogrodzenia.pl\/index.php\/oferta\/furtki\/\" class=\"elementor-item\">Furtki<\/a><\/li>\n<li class=\"menu-item menu-item-type-post_type menu-item-object-page menu-item-299\"><a href=\"http:\/\/wpdogrodzenia.pl\/index.php\/oferta\/napedy-elektryczne\/\" class=\"elementor-item\">Nap\u0119dy elektryczne<\/a><\/li>\n<li class=\"menu-item menu-item-type-post_type menu-item-object-page menu-item-789\"><a href=\"http:\/\/wpdogrodzenia.pl\/index.php\/stoly-modern-loft\/\" class=\"elementor-item\">Sto\u0142y modern loft<\/a><\/li>\n<\/ul>\t\t\t<\/nav>\n\t\t\t\t\t\t<nav class=\"elementor-nav-menu--dropdown elementor-nav-menu__container\" aria-hidden=\"true\">\n\t\t\t\t<ul id=\"menu-2-5cb8fefe\" class=\"elementor-nav-menu sm-vertical\"><li class=\"menu-item menu-item-type-post_type menu-item-object-page menu-item-304\"><a href=\"http:\/\/wpdogrodzenia.pl\/index.php\/oferta\/wiaty-i-zadaszenia\/\" class=\"elementor-item\" tabindex=\"-1\">Wiaty i zadaszenia<\/a><\/li>\n<li class=\"menu-item menu-item-type-post_type menu-item-object-page menu-item-302\"><a href=\"http:\/\/wpdogrodzenia.pl\/index.php\/oferta\/palisadowe\/\" class=\"elementor-item\" tabindex=\"-1\">Palisadowe<\/a><\/li>\n<li class=\"menu-item menu-item-type-post_type menu-item-object-page menu-item-303\"><a href=\"http:\/\/wpdogrodzenia.pl\/index.php\/oferta\/panelowe\/\" class=\"elementor-item\" tabindex=\"-1\">Panelowe<\/a><\/li>\n<li class=\"menu-item menu-item-type-post_type menu-item-object-page menu-item-298\"><a href=\"http:\/\/wpdogrodzenia.pl\/index.php\/oferta\/gabiony\/\" class=\"elementor-item\" tabindex=\"-1\">Gabiony<\/a><\/li>\n<li class=\"menu-item menu-item-type-post_type menu-item-object-page menu-item-301\"><a href=\"http:\/\/wpdogrodzenia.pl\/index.php\/oferta\/betonowe\/\" class=\"elementor-item\" tabindex=\"-1\">Betonowe<\/a><\/li>\n<li class=\"menu-item menu-item-type-post_type menu-item-object-page menu-item-300\"><a href=\"http:\/\/wpdogrodzenia.pl\/index.php\/oferta\/bramy\/\" class=\"elementor-item\" tabindex=\"-1\">Bramy<\/a><\/li>\n<li class=\"menu-item menu-item-type-post_type menu-item-object-page menu-item-297\"><a href=\"http:\/\/wpdogrodzenia.pl\/index.php\/oferta\/furtki\/\" class=\"elementor-item\" tabindex=\"-1\">Furtki<\/a><\/li>\n<li class=\"menu-item menu-item-type-post_type menu-item-object-page menu-item-299\"><a href=\"http:\/\/wpdogrodzenia.pl\/index.php\/oferta\/napedy-elektryczne\/\" class=\"elementor-item\" tabindex=\"-1\">Nap\u0119dy elektryczne<\/a><\/li>\n<li class=\"menu-item menu-item-type-post_type menu-item-object-page menu-item-789\"><a href=\"http:\/\/wpdogrodzenia.pl\/index.php\/stoly-modern-loft\/\" class=\"elementor-item\" tabindex=\"-1\">Sto\u0142y modern loft<\/a><\/li>\n<\/ul>\t\t\t<\/nav>\n\t\t\t\t\t\t<\/div>\n\t\t\t\t<\/div>\n\t\t\t\t<section class=\"elementor-section elementor-inner-section elementor-element elementor-element-52f3a198 elementor-section-boxed elementor-section-height-default elementor-section-height-default\" data-id=\"52f3a198\" data-element_type=\"section\" data-e-type=\"section\">\n\t\t\t\t\t\t<div class=\"elementor-container elementor-column-gap-default\">\n\t\t\t\t\t<div class=\"elementor-column elementor-col-100 elementor-inner-column elementor-element elementor-element-5b0fab38\" data-id=\"5b0fab38\" data-element_type=\"column\" data-e-type=\"column\" data-settings=\"{&quot;background_background&quot;:&quot;classic&quot;}\">\n\t\t\t<div class=\"elementor-widget-wrap elementor-element-populated\">\n\t\t\t\t\t\t<div class=\"elementor-element elementor-element-3d54ce8a elementor-widget elementor-widget-heading\" data-id=\"3d54ce8a\" data-element_type=\"widget\" data-e-type=\"widget\" data-widget_type=\"heading.default\">\n\t\t\t\t<div class=\"elementor-widget-container\">\n\t\t\t\t\t<h3 class=\"elementor-heading-title elementor-size-default\">Sprawd\u017a nasz katalog<\/h3>\t\t\t\t<\/div>\n\t\t\t\t<\/div>\n\t\t\t\t<div class=\"elementor-element elementor-element-22aa0588 elementor-align-right elementor-widget elementor-widget-button\" data-id=\"22aa0588\" data-element_type=\"widget\" data-e-type=\"widget\" data-widget_type=\"button.default\">\n\t\t\t\t<div class=\"elementor-widget-container\">\n\t\t\t\t\t\t\t\t\t<div class=\"elementor-button-wrapper\">\n\t\t\t\t\t<a class=\"elementor-button elementor-button-link elementor-size-sm elementor-animation-grow\" href=\"http:\/\/wpdogrodzenia.pl\/index.php\/oferta\/wiaty-i-zadaszenia\/\">\n\t\t\t\t\t\t<span class=\"elementor-button-content-wrapper\">\n\t\t\t\t\t\t\t\t\t<span class=\"elementor-button-text\">Zobacz<\/span>\n\t\t\t\t\t<\/span>\n\t\t\t\t\t<\/a>\n\t\t\t\t<\/div>\n\t\t\t\t\t\t\t\t<\/div>\n\t\t\t\t<\/div>\n\t\t\t\t\t<\/div>\n\t\t<\/div>\n\t\t\t\t\t<\/div>\n\t\t<\/section>\n\t\t\t\t<section class=\"elementor-section elementor-inner-section elementor-element elementor-element-d9fb6d2 elementor-section-boxed elementor-section-height-default elementor-section-height-default\" data-id=\"d9fb6d2\" data-element_type=\"section\" data-e-type=\"section\" data-settings=\"{&quot;background_background&quot;:&quot;classic&quot;}\">\n\t\t\t\t\t\t<div class=\"elementor-container elementor-column-gap-default\">\n\t\t\t\t\t<div class=\"elementor-column elementor-col-50 elementor-inner-column elementor-element elementor-element-ac85a24\" data-id=\"ac85a24\" data-element_type=\"column\" data-e-type=\"column\">\n\t\t\t<div class=\"elementor-widget-wrap\">\n\t\t\t\t\t\t\t<\/div>\n\t\t<\/div>\n\t\t\t\t<div class=\"elementor-column elementor-col-50 elementor-inner-column elementor-element elementor-element-0448391\" data-id=\"0448391\" data-element_type=\"column\" data-e-type=\"column\">\n\t\t\t<div class=\"elementor-widget-wrap elementor-element-populated\">\n\t\t\t\t\t\t<div class=\"elementor-element elementor-element-0306de1 elementor-widget elementor-widget-heading\" data-id=\"0306de1\" data-element_type=\"widget\" data-e-type=\"widget\" data-widget_type=\"heading.default\">\n\t\t\t\t<div class=\"elementor-widget-container\">\n\t\t\t\t\t<h3 class=\"elementor-heading-title elementor-size-default\">Zadzwo\u0144 <\/h3>\t\t\t\t<\/div>\n\t\t\t\t<\/div>\n\t\t\t\t<div class=\"elementor-element elementor-element-6e1a368 elementor-widget elementor-widget-heading\" data-id=\"6e1a368\" data-element_type=\"widget\" data-e-type=\"widget\" data-widget_type=\"heading.default\">\n\t\t\t\t<div class=\"elementor-widget-container\">\n\t\t\t\t\t<h3 class=\"elementor-heading-title elementor-size-default\">535 945 371<\/h3>\t\t\t\t<\/div>\n\t\t\t\t<\/div>\n\t\t\t\t\t<\/div>\n\t\t<\/div>\n\t\t\t\t\t<\/div>\n\t\t<\/section>\n\t\t\t\t\t<\/div>\n\t\t<\/div>\n\t\t\t\t<div class=\"elementor-column elementor-col-50 elementor-top-column elementor-element elementor-element-28638535\" data-id=\"28638535\" data-element_type=\"column\" data-e-type=\"column\">\n\t\t\t<div class=\"elementor-widget-wrap elementor-element-populated\">\n\t\t\t\t\t\t<section class=\"elementor-section elementor-inner-section elementor-element elementor-element-5be2bc4a elementor-section-boxed elementor-section-height-default elementor-section-height-default\" data-id=\"5be2bc4a\" data-element_type=\"section\" data-e-type=\"section\">\n\t\t\t\t\t\t<div class=\"elementor-container elementor-column-gap-default\">\n\t\t\t\t\t<div class=\"elementor-column elementor-col-100 elementor-inner-column elementor-element elementor-element-5e3dbee1\" data-id=\"5e3dbee1\" data-element_type=\"column\" data-e-type=\"column\">\n\t\t\t<div class=\"elementor-widget-wrap elementor-element-populated\">\n\t\t\t\t\t\t\t<\/div>\n\t\t<\/div>\n\t\t\t\t\t<\/div>\n\t\t<\/section>\n\t\t\t\t<div class=\"elementor-element elementor-element-38284948 elementor-widget-divider--view-line elementor-widget elementor-widget-divider\" data-id=\"38284948\" data-element_type=\"widget\" data-e-type=\"widget\" data-widget_type=\"divider.default\">\n\t\t\t\t<div class=\"elementor-widget-container\">\n\t\t\t\t\t\t\t<div class=\"elementor-divider\">\n\t\t\t<span class=\"elementor-divider-separator\">\n\t\t\t\t\t\t<\/span>\n\t\t<\/div>\n\t\t\t\t\t\t<\/div>\n\t\t\t\t<\/div>\n\t\t\t\t<div class=\"elementor-element elementor-element-2ddd164f elementor-widget elementor-widget-image\" data-id=\"2ddd164f\" data-element_type=\"widget\" data-e-type=\"widget\" data-widget_type=\"image.default\">\n\t\t\t\t<div class=\"elementor-widget-container\">\n\t\t\t\t\t\t\t\t\t\t\t\t\t\t\t<img fetchpriority=\"high\" decoding=\"async\" width=\"640\" height=\"427\" src=\"http:\/\/wpdogrodzenia.pl\/wp-content\/uploads\/2021\/01\/Ogrodzenia-betonowe-jednostronne-slider-6-1024x683.jpg\" class=\"attachment-large size-large wp-image-356\" alt=\"\" srcset=\"http:\/\/wpdogrodzenia.pl\/wp-content\/uploads\/2021\/01\/Ogrodzenia-betonowe-jednostronne-slider-6-1024x683.jpg 1024w, http:\/\/wpdogrodzenia.pl\/wp-content\/uploads\/2021\/01\/Ogrodzenia-betonowe-jednostronne-slider-6-300x200.jpg 300w, http:\/\/wpdogrodzenia.pl\/wp-content\/uploads\/2021\/01\/Ogrodzenia-betonowe-jednostronne-slider-6-768x512.jpg 768w, http:\/\/wpdogrodzenia.pl\/wp-content\/uploads\/2021\/01\/Ogrodzenia-betonowe-jednostronne-slider-6.jpg 1500w\" sizes=\"(max-width: 640px) 100vw, 640px\" \/>\t\t\t\t\t\t\t\t\t\t\t\t\t\t\t<\/div>\n\t\t\t\t<\/div>\n\t\t\t\t<div class=\"elementor-element elementor-element-6fd25b03 elementor-widget elementor-widget-text-editor\" data-id=\"6fd25b03\" data-element_type=\"widget\" data-e-type=\"widget\" data-widget_type=\"text-editor.default\">\n\t\t\t\t<div class=\"elementor-widget-container\">\n\t\t\t\t\t\t\t\t\t<p>W ofercie posiadamy nowoczesne wzory ogrodze\u0144 betonowych oraz prefabrykat\u00f3w. Ogrodzenia s\u0105 solidne oraz kilkukrotnie zbrojone.<\/p><p>Oferujemy r\u00f3wnie\u017c DOWOLNY KOLOR ogrodzenia poprzez barwienie pigmentem podczas produkcji ( jest to zdecydowanie trwalsze rozwi\u0105zanie ni\u017c malowanie)<\/p><p>W ci\u0105g\u0142ej produkcji posiadamy :<\/p><ul><li>Podmur\u00f3wki betonowe barwione oraz klasyczne<\/li><li>\u0141\u0105czniki betonowe barwione oraz klasyczne<\/li><li>Ogrodzenia betonowe o du\u017cym wyborze wzor\u00f3w<\/li><\/ul><p>Wszelkie produkty produkujemy sami z nale\u017cyt\u0105 staranno\u015bci\u0105. Udzielamy wszelkich gwarancji oraz spe\u0142niamy restrykcyjne normy obowi\u0105zuj\u0105ce w ca\u0142ej UNII EUROPEJSKIEJ.<\/p>\t\t\t\t\t\t\t\t<\/div>\n\t\t\t\t<\/div>\n\t\t\t\t<section class=\"elementor-section elementor-inner-section elementor-element elementor-element-534d0b3c elementor-section-boxed elementor-section-height-default elementor-section-height-default\" data-id=\"534d0b3c\" data-element_type=\"section\" data-e-type=\"section\" data-settings=\"{&quot;background_background&quot;:&quot;classic&quot;}\">\n\t\t\t\t\t\t<div class=\"elementor-container elementor-column-gap-default\">\n\t\t\t\t\t<div class=\"elementor-column elementor-col-50 elementor-inner-column elementor-element elementor-element-6e838592\" data-id=\"6e838592\" data-element_type=\"column\" data-e-type=\"column\">\n\t\t\t<div class=\"elementor-widget-wrap elementor-element-populated\">\n\t\t\t\t\t\t<div class=\"elementor-element elementor-element-76a714c6 elementor-align-justify elementor-widget elementor-widget-button\" data-id=\"76a714c6\" data-element_type=\"widget\" data-e-type=\"widget\" data-widget_type=\"button.default\">\n\t\t\t\t<div class=\"elementor-widget-container\">\n\t\t\t\t\t\t\t\t\t<div class=\"elementor-button-wrapper\">\n\t\t\t\t\t<a class=\"elementor-button elementor-button-link elementor-size-xl elementor-animation-grow\" href=\"#\">\n\t\t\t\t\t\t<span class=\"elementor-button-content-wrapper\">\n\t\t\t\t\t\t<span class=\"elementor-button-icon\">\n\t\t\t\t<i aria-hidden=\"true\" class=\"fas fa-long-arrow-alt-right\"><\/i>\t\t\t<\/span>\n\t\t\t\t\t\t\t\t\t<span class=\"elementor-button-text\">Tanie<\/span>\n\t\t\t\t\t<\/span>\n\t\t\t\t\t<\/a>\n\t\t\t\t<\/div>\n\t\t\t\t\t\t\t\t<\/div>\n\t\t\t\t<\/div>\n\t\t\t\t<div class=\"elementor-element elementor-element-4fac08d1 elementor-align-justify elementor-widget elementor-widget-button\" data-id=\"4fac08d1\" data-element_type=\"widget\" data-e-type=\"widget\" data-widget_type=\"button.default\">\n\t\t\t\t<div class=\"elementor-widget-container\">\n\t\t\t\t\t\t\t\t\t<div class=\"elementor-button-wrapper\">\n\t\t\t\t\t<a class=\"elementor-button elementor-button-link elementor-size-xl elementor-animation-grow\" href=\"#\">\n\t\t\t\t\t\t<span class=\"elementor-button-content-wrapper\">\n\t\t\t\t\t\t<span class=\"elementor-button-icon\">\n\t\t\t\t<i aria-hidden=\"true\" class=\"fas fa-long-arrow-alt-right\"><\/i>\t\t\t<\/span>\n\t\t\t\t\t\t\t\t\t<span class=\"elementor-button-text\">Nowoczesne<\/span>\n\t\t\t\t\t<\/span>\n\t\t\t\t\t<\/a>\n\t\t\t\t<\/div>\n\t\t\t\t\t\t\t\t<\/div>\n\t\t\t\t<\/div>\n\t\t\t\t<div class=\"elementor-element elementor-element-3baad10 elementor-align-justify elementor-widget elementor-widget-button\" data-id=\"3baad10\" data-element_type=\"widget\" data-e-type=\"widget\" data-widget_type=\"button.default\">\n\t\t\t\t<div class=\"elementor-widget-container\">\n\t\t\t\t\t\t\t\t\t<div class=\"elementor-button-wrapper\">\n\t\t\t\t\t<a class=\"elementor-button elementor-button-link elementor-size-xl elementor-animation-grow\" href=\"#\">\n\t\t\t\t\t\t<span class=\"elementor-button-content-wrapper\">\n\t\t\t\t\t\t<span class=\"elementor-button-icon\">\n\t\t\t\t<i aria-hidden=\"true\" class=\"fas fa-long-arrow-alt-right\"><\/i>\t\t\t<\/span>\n\t\t\t\t\t\t\t\t\t<span class=\"elementor-button-text\">Eleganckie<\/span>\n\t\t\t\t\t<\/span>\n\t\t\t\t\t<\/a>\n\t\t\t\t<\/div>\n\t\t\t\t\t\t\t\t<\/div>\n\t\t\t\t<\/div>\n\t\t\t\t<div class=\"elementor-element elementor-element-5d0a54f9 elementor-align-justify elementor-widget elementor-widget-button\" data-id=\"5d0a54f9\" data-element_type=\"widget\" data-e-type=\"widget\" data-widget_type=\"button.default\">\n\t\t\t\t<div class=\"elementor-widget-container\">\n\t\t\t\t\t\t\t\t\t<div class=\"elementor-button-wrapper\">\n\t\t\t\t\t<a class=\"elementor-button elementor-button-link elementor-size-xl elementor-animation-grow\" href=\"#\">\n\t\t\t\t\t\t<span class=\"elementor-button-content-wrapper\">\n\t\t\t\t\t\t<span class=\"elementor-button-icon\">\n\t\t\t\t<i aria-hidden=\"true\" class=\"fas fa-long-arrow-alt-right\"><\/i>\t\t\t<\/span>\n\t\t\t\t\t\t\t\t\t<span class=\"elementor-button-text\">\u0141atwy monta\u017c<\/span>\n\t\t\t\t\t<\/span>\n\t\t\t\t\t<\/a>\n\t\t\t\t<\/div>\n\t\t\t\t\t\t\t\t<\/div>\n\t\t\t\t<\/div>\n\t\t\t\t\t<\/div>\n\t\t<\/div>\n\t\t\t\t<div class=\"elementor-column elementor-col-50 elementor-inner-column elementor-element elementor-element-3b978ca5\" data-id=\"3b978ca5\" data-element_type=\"column\" data-e-type=\"column\">\n\t\t\t<div class=\"elementor-widget-wrap elementor-element-populated\">\n\t\t\t\t\t\t<div class=\"elementor-element elementor-element-4097d55d elementor-widget elementor-widget-image\" data-id=\"4097d55d\" data-element_type=\"widget\" data-e-type=\"widget\" data-widget_type=\"image.default\">\n\t\t\t\t<div class=\"elementor-widget-container\">\n\t\t\t\t\t\t\t\t\t\t\t\t\t\t\t<img decoding=\"async\" width=\"640\" height=\"480\" src=\"http:\/\/wpdogrodzenia.pl\/wp-content\/uploads\/2021\/01\/betonowe.jpg\" class=\"attachment-large size-large wp-image-279\" alt=\"\" srcset=\"http:\/\/wpdogrodzenia.pl\/wp-content\/uploads\/2021\/01\/betonowe.jpg 768w, http:\/\/wpdogrodzenia.pl\/wp-content\/uploads\/2021\/01\/betonowe-300x225.jpg 300w\" sizes=\"(max-width: 640px) 100vw, 640px\" \/>\t\t\t\t\t\t\t\t\t\t\t\t\t\t\t<\/div>\n\t\t\t\t<\/div>\n\t\t\t\t\t<\/div>\n\t\t<\/div>\n\t\t\t\t\t<\/div>\n\t\t<\/section>\n\t\t\t\t\t<\/div>\n\t\t<\/div>\n\t\t\t\t\t<\/div>\n\t\t<\/section>\n\t\t\t\t<\/div>\n\t\t","protected":false},"excerpt":{"rendered":"<p>Sprawd\u017a nasz katalog Zobacz Zadzwo\u0144 535 945 371 W ofercie posiadamy nowoczesne wzory ogrodze\u0144 betonowych oraz prefabrykat\u00f3w. Ogrodzenia s\u0105 solidne oraz kilkukrotnie zbrojone. Oferujemy r\u00f3wnie\u017c DOWOLNY KOLOR ogrodzenia poprzez barwienie pigmentem podczas produkcji ( jest to zdecydowanie trwalsze rozwi\u0105zanie ni\u017c malowanie) W ci\u0105g\u0142ej produkcji posiadamy : Podmur\u00f3wki betonowe barwione oraz klasyczne \u0141\u0105czniki betonowe barwione oraz [&hellip;]<\/p>\n","protected":false},"author":1,"featured_media":0,"parent":31,"menu_order":0,"comment_status":"closed","ping_status":"closed","template":"elementor_header_footer","meta":{"footnotes":""},"class_list":["post-48","page","type-page","status-publish","hentry","entry"],"_links":{"self":[{"href":"http:\/\/wpdogrodzenia.pl\/index.php\/wp-json\/wp\/v2\/pages\/48","targetHints":{"allow":["GET"]}}],"collection":[{"href":"http:\/\/wpdogrodzenia.pl\/index.php\/wp-json\/wp\/v2\/pages"}],"about":[{"href":"http:\/\/wpdogrodzenia.pl\/index.php\/wp-json\/wp\/v2\/types\/page"}],"author":[{"embeddable":true,"href":"http:\/\/wpdogrodzenia.pl\/index.php\/wp-json\/wp\/v2\/users\/1"}],"replies":[{"embeddable":true,"href":"http:\/\/wpdogrodzenia.pl\/index.php\/wp-json\/wp\/v2\/comments?post=48"}],"version-history":[{"count":43,"href":"http:\/\/wpdogrodzenia.pl\/index.php\/wp-json\/wp\/v2\/pages\/48\/revisions"}],"predecessor-version":[{"id":750,"href":"http:\/\/wpdogrodzenia.pl\/index.php\/wp-json\/wp\/v2\/pages\/48\/revisions\/750"}],"up":[{"embeddable":true,"href":"http:\/\/wpdogrodzenia.pl\/index.php\/wp-json\/wp\/v2\/pages\/31"}],"wp:attachment":[{"href":"http:\/\/wpdogrodzenia.pl\/index.php\/wp-json\/wp\/v2\/media?parent=48"}],"curies":[{"name":"wp","href":"https:\/\/api.w.org\/{rel}","templated":true}]}}