{"id":50,"date":"2021-01-18T10:42:28","date_gmt":"2021-01-18T09:42:28","guid":{"rendered":"http:\/\/wpdogrodzenia.pl\/?page_id=50"},"modified":"2021-01-29T20:46:20","modified_gmt":"2021-01-29T19:46:20","slug":"bramy","status":"publish","type":"page","link":"http:\/\/wpdogrodzenia.pl\/index.php\/oferta\/bramy\/","title":{"rendered":"Bramy"},"content":{"rendered":"\t\t<div data-elementor-type=\"wp-page\" data-elementor-id=\"50\" class=\"elementor elementor-50\" data-elementor-post-type=\"page\">\n\t\t\t\t\t\t<section class=\"elementor-section elementor-top-section elementor-element elementor-element-e505635 elementor-section-boxed elementor-section-height-default elementor-section-height-default\" data-id=\"e505635\" data-element_type=\"section\" data-e-type=\"section\" data-settings=\"{&quot;background_background&quot;:&quot;classic&quot;}\">\n\t\t\t\t\t\t<div class=\"elementor-container elementor-column-gap-default\">\n\t\t\t\t\t<div class=\"elementor-column elementor-col-100 elementor-top-column elementor-element elementor-element-1f966db1\" data-id=\"1f966db1\" data-element_type=\"column\" data-e-type=\"column\">\n\t\t\t<div class=\"elementor-widget-wrap elementor-element-populated\">\n\t\t\t\t\t\t<div class=\"elementor-element elementor-element-58c59ca0 elementor-widget elementor-widget-spacer\" data-id=\"58c59ca0\" data-element_type=\"widget\" data-e-type=\"widget\" data-widget_type=\"spacer.default\">\n\t\t\t\t<div class=\"elementor-widget-container\">\n\t\t\t\t\t\t\t<div class=\"elementor-spacer\">\n\t\t\t<div class=\"elementor-spacer-inner\"><\/div>\n\t\t<\/div>\n\t\t\t\t\t\t<\/div>\n\t\t\t\t<\/div>\n\t\t\t\t\t<\/div>\n\t\t<\/div>\n\t\t\t\t\t<\/div>\n\t\t<\/section>\n\t\t\t\t<section class=\"elementor-section elementor-top-section elementor-element elementor-element-20eaf5a3 elementor-reverse-mobile elementor-section-boxed elementor-section-height-default elementor-section-height-default\" data-id=\"20eaf5a3\" data-element_type=\"section\" data-e-type=\"section\">\n\t\t\t\t\t\t<div class=\"elementor-container elementor-column-gap-default\">\n\t\t\t\t\t<div class=\"elementor-column elementor-col-50 elementor-top-column elementor-element elementor-element-17e1307b\" data-id=\"17e1307b\" data-element_type=\"column\" data-e-type=\"column\">\n\t\t\t<div class=\"elementor-widget-wrap elementor-element-populated\">\n\t\t\t\t\t\t<div class=\"elementor-element elementor-element-4bb4c88d elementor-nav-menu--dropdown-none elementor-widget elementor-widget-nav-menu\" data-id=\"4bb4c88d\" data-element_type=\"widget\" data-e-type=\"widget\" data-settings=\"{&quot;layout&quot;:&quot;vertical&quot;,&quot;submenu_icon&quot;:{&quot;value&quot;:&quot;&lt;i class=\\&quot;fas fa-caret-down\\&quot;&gt;&lt;\\\/i&gt;&quot;,&quot;library&quot;:&quot;fa-solid&quot;}}\" data-widget_type=\"nav-menu.default\">\n\t\t\t\t<div class=\"elementor-widget-container\">\n\t\t\t\t\t\t\t\t<nav aria-label=\"Menu\" class=\"elementor-nav-menu--main elementor-nav-menu__container elementor-nav-menu--layout-vertical e--pointer-background e--animation-fade\">\n\t\t\t\t<ul id=\"menu-1-4bb4c88d\" class=\"elementor-nav-menu sm-vertical\"><li class=\"menu-item menu-item-type-post_type menu-item-object-page menu-item-304\"><a href=\"http:\/\/wpdogrodzenia.pl\/index.php\/oferta\/wiaty-i-zadaszenia\/\" class=\"elementor-item\">Wiaty i zadaszenia<\/a><\/li>\n<li class=\"menu-item menu-item-type-post_type menu-item-object-page menu-item-302\"><a href=\"http:\/\/wpdogrodzenia.pl\/index.php\/oferta\/palisadowe\/\" class=\"elementor-item\">Palisadowe<\/a><\/li>\n<li class=\"menu-item menu-item-type-post_type menu-item-object-page menu-item-303\"><a href=\"http:\/\/wpdogrodzenia.pl\/index.php\/oferta\/panelowe\/\" class=\"elementor-item\">Panelowe<\/a><\/li>\n<li class=\"menu-item menu-item-type-post_type menu-item-object-page menu-item-298\"><a href=\"http:\/\/wpdogrodzenia.pl\/index.php\/oferta\/gabiony\/\" class=\"elementor-item\">Gabiony<\/a><\/li>\n<li class=\"menu-item menu-item-type-post_type menu-item-object-page menu-item-301\"><a href=\"http:\/\/wpdogrodzenia.pl\/index.php\/oferta\/betonowe\/\" class=\"elementor-item\">Betonowe<\/a><\/li>\n<li class=\"menu-item menu-item-type-post_type menu-item-object-page menu-item-300\"><a href=\"http:\/\/wpdogrodzenia.pl\/index.php\/oferta\/bramy\/\" class=\"elementor-item\">Bramy<\/a><\/li>\n<li class=\"menu-item menu-item-type-post_type menu-item-object-page menu-item-297\"><a href=\"http:\/\/wpdogrodzenia.pl\/index.php\/oferta\/furtki\/\" class=\"elementor-item\">Furtki<\/a><\/li>\n<li class=\"menu-item menu-item-type-post_type menu-item-object-page menu-item-299\"><a href=\"http:\/\/wpdogrodzenia.pl\/index.php\/oferta\/napedy-elektryczne\/\" class=\"elementor-item\">Nap\u0119dy elektryczne<\/a><\/li>\n<li class=\"menu-item menu-item-type-post_type menu-item-object-page menu-item-789\"><a href=\"http:\/\/wpdogrodzenia.pl\/index.php\/stoly-modern-loft\/\" class=\"elementor-item\">Sto\u0142y modern loft<\/a><\/li>\n<\/ul>\t\t\t<\/nav>\n\t\t\t\t\t\t<nav class=\"elementor-nav-menu--dropdown elementor-nav-menu__container\" aria-hidden=\"true\">\n\t\t\t\t<ul id=\"menu-2-4bb4c88d\" class=\"elementor-nav-menu sm-vertical\"><li class=\"menu-item menu-item-type-post_type menu-item-object-page menu-item-304\"><a href=\"http:\/\/wpdogrodzenia.pl\/index.php\/oferta\/wiaty-i-zadaszenia\/\" class=\"elementor-item\" tabindex=\"-1\">Wiaty i zadaszenia<\/a><\/li>\n<li class=\"menu-item menu-item-type-post_type menu-item-object-page menu-item-302\"><a href=\"http:\/\/wpdogrodzenia.pl\/index.php\/oferta\/palisadowe\/\" class=\"elementor-item\" tabindex=\"-1\">Palisadowe<\/a><\/li>\n<li class=\"menu-item menu-item-type-post_type menu-item-object-page menu-item-303\"><a href=\"http:\/\/wpdogrodzenia.pl\/index.php\/oferta\/panelowe\/\" class=\"elementor-item\" tabindex=\"-1\">Panelowe<\/a><\/li>\n<li class=\"menu-item menu-item-type-post_type menu-item-object-page menu-item-298\"><a href=\"http:\/\/wpdogrodzenia.pl\/index.php\/oferta\/gabiony\/\" class=\"elementor-item\" tabindex=\"-1\">Gabiony<\/a><\/li>\n<li class=\"menu-item menu-item-type-post_type menu-item-object-page menu-item-301\"><a href=\"http:\/\/wpdogrodzenia.pl\/index.php\/oferta\/betonowe\/\" class=\"elementor-item\" tabindex=\"-1\">Betonowe<\/a><\/li>\n<li class=\"menu-item menu-item-type-post_type menu-item-object-page menu-item-300\"><a href=\"http:\/\/wpdogrodzenia.pl\/index.php\/oferta\/bramy\/\" class=\"elementor-item\" tabindex=\"-1\">Bramy<\/a><\/li>\n<li class=\"menu-item menu-item-type-post_type menu-item-object-page menu-item-297\"><a href=\"http:\/\/wpdogrodzenia.pl\/index.php\/oferta\/furtki\/\" class=\"elementor-item\" tabindex=\"-1\">Furtki<\/a><\/li>\n<li class=\"menu-item menu-item-type-post_type menu-item-object-page menu-item-299\"><a href=\"http:\/\/wpdogrodzenia.pl\/index.php\/oferta\/napedy-elektryczne\/\" class=\"elementor-item\" tabindex=\"-1\">Nap\u0119dy elektryczne<\/a><\/li>\n<li class=\"menu-item menu-item-type-post_type menu-item-object-page menu-item-789\"><a href=\"http:\/\/wpdogrodzenia.pl\/index.php\/stoly-modern-loft\/\" class=\"elementor-item\" tabindex=\"-1\">Sto\u0142y modern loft<\/a><\/li>\n<\/ul>\t\t\t<\/nav>\n\t\t\t\t\t\t<\/div>\n\t\t\t\t<\/div>\n\t\t\t\t<section class=\"elementor-section elementor-inner-section elementor-element elementor-element-6847753a elementor-section-boxed elementor-section-height-default elementor-section-height-default\" data-id=\"6847753a\" data-element_type=\"section\" data-e-type=\"section\">\n\t\t\t\t\t\t<div class=\"elementor-container elementor-column-gap-default\">\n\t\t\t\t\t<div class=\"elementor-column elementor-col-100 elementor-inner-column elementor-element elementor-element-28b1260d\" data-id=\"28b1260d\" data-element_type=\"column\" data-e-type=\"column\" data-settings=\"{&quot;background_background&quot;:&quot;classic&quot;}\">\n\t\t\t<div class=\"elementor-widget-wrap elementor-element-populated\">\n\t\t\t\t\t\t<div class=\"elementor-element elementor-element-1bfb5160 elementor-widget elementor-widget-heading\" data-id=\"1bfb5160\" data-element_type=\"widget\" data-e-type=\"widget\" data-widget_type=\"heading.default\">\n\t\t\t\t<div class=\"elementor-widget-container\">\n\t\t\t\t\t<h3 class=\"elementor-heading-title elementor-size-default\">Sprawd\u017a nasz katalog<\/h3>\t\t\t\t<\/div>\n\t\t\t\t<\/div>\n\t\t\t\t<div class=\"elementor-element elementor-element-7af5273b elementor-align-right elementor-widget elementor-widget-button\" data-id=\"7af5273b\" data-element_type=\"widget\" data-e-type=\"widget\" data-widget_type=\"button.default\">\n\t\t\t\t<div class=\"elementor-widget-container\">\n\t\t\t\t\t\t\t\t\t<div class=\"elementor-button-wrapper\">\n\t\t\t\t\t<a class=\"elementor-button elementor-button-link elementor-size-sm elementor-animation-grow\" href=\"http:\/\/wpdogrodzenia.pl\/index.php\/oferta\/wiaty-i-zadaszenia\/\">\n\t\t\t\t\t\t<span class=\"elementor-button-content-wrapper\">\n\t\t\t\t\t\t\t\t\t<span class=\"elementor-button-text\">Zobacz<\/span>\n\t\t\t\t\t<\/span>\n\t\t\t\t\t<\/a>\n\t\t\t\t<\/div>\n\t\t\t\t\t\t\t\t<\/div>\n\t\t\t\t<\/div>\n\t\t\t\t\t<\/div>\n\t\t<\/div>\n\t\t\t\t\t<\/div>\n\t\t<\/section>\n\t\t\t\t<section class=\"elementor-section elementor-inner-section elementor-element elementor-element-1d936faa elementor-section-boxed elementor-section-height-default elementor-section-height-default\" data-id=\"1d936faa\" data-element_type=\"section\" data-e-type=\"section\" data-settings=\"{&quot;background_background&quot;:&quot;classic&quot;}\">\n\t\t\t\t\t\t<div class=\"elementor-container elementor-column-gap-default\">\n\t\t\t\t\t<div class=\"elementor-column elementor-col-100 elementor-inner-column elementor-element elementor-element-175ebef\" data-id=\"175ebef\" data-element_type=\"column\" data-e-type=\"column\">\n\t\t\t<div class=\"elementor-widget-wrap elementor-element-populated\">\n\t\t\t\t\t\t<div class=\"elementor-element elementor-element-cbfd8d6 elementor-widget elementor-widget-heading\" data-id=\"cbfd8d6\" data-element_type=\"widget\" data-e-type=\"widget\" data-widget_type=\"heading.default\">\n\t\t\t\t<div class=\"elementor-widget-container\">\n\t\t\t\t\t<h3 class=\"elementor-heading-title elementor-size-default\">Zadzwo\u0144 <\/h3>\t\t\t\t<\/div>\n\t\t\t\t<\/div>\n\t\t\t\t<div class=\"elementor-element elementor-element-29b15ebc elementor-widget elementor-widget-heading\" data-id=\"29b15ebc\" data-element_type=\"widget\" data-e-type=\"widget\" data-widget_type=\"heading.default\">\n\t\t\t\t<div class=\"elementor-widget-container\">\n\t\t\t\t\t<h3 class=\"elementor-heading-title elementor-size-default\">535 945 371<\/h3>\t\t\t\t<\/div>\n\t\t\t\t<\/div>\n\t\t\t\t\t<\/div>\n\t\t<\/div>\n\t\t\t\t\t<\/div>\n\t\t<\/section>\n\t\t\t\t\t<\/div>\n\t\t<\/div>\n\t\t\t\t<div class=\"elementor-column elementor-col-50 elementor-top-column elementor-element elementor-element-2e63deef\" data-id=\"2e63deef\" data-element_type=\"column\" data-e-type=\"column\">\n\t\t\t<div class=\"elementor-widget-wrap elementor-element-populated\">\n\t\t\t\t\t\t<section class=\"elementor-section elementor-inner-section elementor-element elementor-element-171b96c elementor-section-boxed elementor-section-height-default elementor-section-height-default\" data-id=\"171b96c\" data-element_type=\"section\" data-e-type=\"section\">\n\t\t\t\t\t\t<div class=\"elementor-container elementor-column-gap-default\">\n\t\t\t\t\t<div class=\"elementor-column elementor-col-100 elementor-inner-column elementor-element elementor-element-57644f67\" data-id=\"57644f67\" data-element_type=\"column\" data-e-type=\"column\">\n\t\t\t<div class=\"elementor-widget-wrap elementor-element-populated\">\n\t\t\t\t\t\t\t<\/div>\n\t\t<\/div>\n\t\t\t\t\t<\/div>\n\t\t<\/section>\n\t\t\t\t<div class=\"elementor-element elementor-element-31bc58f2 elementor-widget-divider--view-line elementor-widget elementor-widget-divider\" data-id=\"31bc58f2\" data-element_type=\"widget\" data-e-type=\"widget\" data-widget_type=\"divider.default\">\n\t\t\t\t<div class=\"elementor-widget-container\">\n\t\t\t\t\t\t\t<div class=\"elementor-divider\">\n\t\t\t<span class=\"elementor-divider-separator\">\n\t\t\t\t\t\t<\/span>\n\t\t<\/div>\n\t\t\t\t\t\t<\/div>\n\t\t\t\t<\/div>\n\t\t\t\t<div class=\"elementor-element elementor-element-45f6a1ac elementor-widget elementor-widget-image\" data-id=\"45f6a1ac\" data-element_type=\"widget\" data-e-type=\"widget\" data-widget_type=\"image.default\">\n\t\t\t\t<div class=\"elementor-widget-container\">\n\t\t\t\t\t\t\t\t\t\t\t\t\t\t\t<img fetchpriority=\"high\" decoding=\"async\" width=\"640\" height=\"480\" src=\"http:\/\/wpdogrodzenia.pl\/wp-content\/uploads\/2021\/01\/2.jpg\" class=\"attachment-large size-large wp-image-205\" alt=\"\" srcset=\"http:\/\/wpdogrodzenia.pl\/wp-content\/uploads\/2021\/01\/2.jpg 960w, http:\/\/wpdogrodzenia.pl\/wp-content\/uploads\/2021\/01\/2-300x225.jpg 300w, http:\/\/wpdogrodzenia.pl\/wp-content\/uploads\/2021\/01\/2-768x576.jpg 768w\" sizes=\"(max-width: 34.9rem) calc(100vw - 2rem), (max-width: 53rem) calc(8 * (100vw \/ 12)), (min-width: 53rem) calc(6 * (100vw \/ 12)), 100vw\" \/>\t\t\t\t\t\t\t\t\t\t\t\t\t\t\t<\/div>\n\t\t\t\t<\/div>\n\t\t\t\t<div class=\"elementor-element elementor-element-132b9065 elementor-widget elementor-widget-text-editor\" data-id=\"132b9065\" data-element_type=\"widget\" data-e-type=\"widget\" data-widget_type=\"text-editor.default\">\n\t\t\t\t<div class=\"elementor-widget-container\">\n\t\t\t\t\t\t\t\t\t<p>Wszelkie produkty produkujemy sami z nale\u017cyt\u0105 staranno\u015bci\u0105. Elementy s\u0105 spawane , spawy szlifowane a ca\u0142e konstrukcje poddawane s\u0105 CYNKOWANIU oraz MALOWANIU PROSZKOWEMU. Dzi\u0119ki tym zabiegom nie musz\u0105 si\u0119 Pa\u0144stwo martwi\u0107 o \u017cywotno\u015b\u0107 naszych produkt\u00f3w. Udzielamy wszelkich gwarancji oraz spe\u0142niamy restrykcyjne normy obowi\u0105zuj\u0105ce w ca\u0142ej UNII EUROPEJSKIEJ.<\/p><p>Oferujemy Pa\u0144stwu bramy rozwierane, przesuwne, furtki.<\/p><ul><li>Panelowe 3d oraz 2d<\/li><li>Palisadowe<\/li><li>\u017baluzjowe<\/li><\/ul>\t\t\t\t\t\t\t\t<\/div>\n\t\t\t\t<\/div>\n\t\t\t\t<section class=\"elementor-section elementor-inner-section elementor-element elementor-element-59a6e54d elementor-section-boxed elementor-section-height-default elementor-section-height-default\" data-id=\"59a6e54d\" data-element_type=\"section\" data-e-type=\"section\" data-settings=\"{&quot;background_background&quot;:&quot;classic&quot;}\">\n\t\t\t\t\t\t<div class=\"elementor-container elementor-column-gap-default\">\n\t\t\t\t\t<div class=\"elementor-column elementor-col-50 elementor-inner-column elementor-element elementor-element-73b5962e\" data-id=\"73b5962e\" data-element_type=\"column\" data-e-type=\"column\">\n\t\t\t<div class=\"elementor-widget-wrap elementor-element-populated\">\n\t\t\t\t\t\t<div class=\"elementor-element elementor-element-160a993c elementor-align-justify elementor-widget elementor-widget-button\" data-id=\"160a993c\" data-element_type=\"widget\" data-e-type=\"widget\" data-widget_type=\"button.default\">\n\t\t\t\t<div class=\"elementor-widget-container\">\n\t\t\t\t\t\t\t\t\t<div class=\"elementor-button-wrapper\">\n\t\t\t\t\t<a class=\"elementor-button elementor-button-link elementor-size-xl elementor-animation-grow\" href=\"#\">\n\t\t\t\t\t\t<span class=\"elementor-button-content-wrapper\">\n\t\t\t\t\t\t<span class=\"elementor-button-icon\">\n\t\t\t\t<i aria-hidden=\"true\" class=\"fas fa-long-arrow-alt-right\"><\/i>\t\t\t<\/span>\n\t\t\t\t\t\t\t\t\t<span class=\"elementor-button-text\">Tanie<\/span>\n\t\t\t\t\t<\/span>\n\t\t\t\t\t<\/a>\n\t\t\t\t<\/div>\n\t\t\t\t\t\t\t\t<\/div>\n\t\t\t\t<\/div>\n\t\t\t\t<div class=\"elementor-element elementor-element-33186a2 elementor-align-justify elementor-widget elementor-widget-button\" data-id=\"33186a2\" data-element_type=\"widget\" data-e-type=\"widget\" data-widget_type=\"button.default\">\n\t\t\t\t<div class=\"elementor-widget-container\">\n\t\t\t\t\t\t\t\t\t<div class=\"elementor-button-wrapper\">\n\t\t\t\t\t<a class=\"elementor-button elementor-button-link elementor-size-xl elementor-animation-grow\" href=\"#\">\n\t\t\t\t\t\t<span class=\"elementor-button-content-wrapper\">\n\t\t\t\t\t\t<span class=\"elementor-button-icon\">\n\t\t\t\t<i aria-hidden=\"true\" class=\"fas fa-long-arrow-alt-right\"><\/i>\t\t\t<\/span>\n\t\t\t\t\t\t\t\t\t<span class=\"elementor-button-text\">Nowoczesne<\/span>\n\t\t\t\t\t<\/span>\n\t\t\t\t\t<\/a>\n\t\t\t\t<\/div>\n\t\t\t\t\t\t\t\t<\/div>\n\t\t\t\t<\/div>\n\t\t\t\t<div class=\"elementor-element elementor-element-2b4818ca elementor-align-justify elementor-widget elementor-widget-button\" data-id=\"2b4818ca\" data-element_type=\"widget\" data-e-type=\"widget\" data-widget_type=\"button.default\">\n\t\t\t\t<div class=\"elementor-widget-container\">\n\t\t\t\t\t\t\t\t\t<div class=\"elementor-button-wrapper\">\n\t\t\t\t\t<a class=\"elementor-button elementor-button-link elementor-size-xl elementor-animation-grow\" href=\"#\">\n\t\t\t\t\t\t<span class=\"elementor-button-content-wrapper\">\n\t\t\t\t\t\t<span class=\"elementor-button-icon\">\n\t\t\t\t<i aria-hidden=\"true\" class=\"fas fa-long-arrow-alt-right\"><\/i>\t\t\t<\/span>\n\t\t\t\t\t\t\t\t\t<span class=\"elementor-button-text\">Eleganckie<\/span>\n\t\t\t\t\t<\/span>\n\t\t\t\t\t<\/a>\n\t\t\t\t<\/div>\n\t\t\t\t\t\t\t\t<\/div>\n\t\t\t\t<\/div>\n\t\t\t\t<div class=\"elementor-element elementor-element-b942718 elementor-align-justify elementor-widget elementor-widget-button\" data-id=\"b942718\" data-element_type=\"widget\" data-e-type=\"widget\" data-widget_type=\"button.default\">\n\t\t\t\t<div class=\"elementor-widget-container\">\n\t\t\t\t\t\t\t\t\t<div class=\"elementor-button-wrapper\">\n\t\t\t\t\t<a class=\"elementor-button elementor-button-link elementor-size-xl elementor-animation-grow\" href=\"#\">\n\t\t\t\t\t\t<span class=\"elementor-button-content-wrapper\">\n\t\t\t\t\t\t<span class=\"elementor-button-icon\">\n\t\t\t\t<i aria-hidden=\"true\" class=\"fas fa-long-arrow-alt-right\"><\/i>\t\t\t<\/span>\n\t\t\t\t\t\t\t\t\t<span class=\"elementor-button-text\">\u0141atwy monta\u017c<\/span>\n\t\t\t\t\t<\/span>\n\t\t\t\t\t<\/a>\n\t\t\t\t<\/div>\n\t\t\t\t\t\t\t\t<\/div>\n\t\t\t\t<\/div>\n\t\t\t\t\t<\/div>\n\t\t<\/div>\n\t\t\t\t<div class=\"elementor-column elementor-col-50 elementor-inner-column elementor-element elementor-element-e723e2f\" data-id=\"e723e2f\" data-element_type=\"column\" data-e-type=\"column\">\n\t\t\t<div class=\"elementor-widget-wrap elementor-element-populated\">\n\t\t\t\t\t\t<div class=\"elementor-element elementor-element-12e4398e elementor-widget elementor-widget-image\" data-id=\"12e4398e\" data-element_type=\"widget\" data-e-type=\"widget\" data-widget_type=\"image.default\">\n\t\t\t\t<div class=\"elementor-widget-container\">\n\t\t\t\t\t\t\t\t\t\t\t\t\t\t\t<img decoding=\"async\" width=\"640\" height=\"480\" src=\"http:\/\/wpdogrodzenia.pl\/wp-content\/uploads\/2021\/01\/bramy.jpg\" class=\"attachment-large size-large wp-image-275\" alt=\"\" srcset=\"http:\/\/wpdogrodzenia.pl\/wp-content\/uploads\/2021\/01\/bramy.jpg 768w, http:\/\/wpdogrodzenia.pl\/wp-content\/uploads\/2021\/01\/bramy-300x225.jpg 300w\" sizes=\"(max-width: 34.9rem) calc(100vw - 2rem), (max-width: 53rem) calc(8 * (100vw \/ 12)), (min-width: 53rem) calc(6 * (100vw \/ 12)), 100vw\" \/>\t\t\t\t\t\t\t\t\t\t\t\t\t\t\t<\/div>\n\t\t\t\t<\/div>\n\t\t\t\t\t<\/div>\n\t\t<\/div>\n\t\t\t\t\t<\/div>\n\t\t<\/section>\n\t\t\t\t\t<\/div>\n\t\t<\/div>\n\t\t\t\t\t<\/div>\n\t\t<\/section>\n\t\t\t\t<\/div>\n\t\t","protected":false},"excerpt":{"rendered":"<p>Sprawd\u017a nasz katalog Zobacz Zadzwo\u0144 535 945 371 Wszelkie produkty produkujemy sami z nale\u017cyt\u0105 staranno\u015bci\u0105. Elementy s\u0105 spawane , spawy szlifowane a ca\u0142e konstrukcje poddawane s\u0105 CYNKOWANIU oraz MALOWANIU PROSZKOWEMU. Dzi\u0119ki tym zabiegom nie musz\u0105 si\u0119 Pa\u0144stwo martwi\u0107 o \u017cywotno\u015b\u0107 naszych produkt\u00f3w. Udzielamy wszelkich gwarancji oraz spe\u0142niamy restrykcyjne normy obowi\u0105zuj\u0105ce w ca\u0142ej UNII EUROPEJSKIEJ. Oferujemy [&hellip;]<\/p>\n","protected":false},"author":1,"featured_media":0,"parent":31,"menu_order":0,"comment_status":"closed","ping_status":"closed","template":"elementor_header_footer","meta":{"footnotes":""},"class_list":["post-50","page","type-page","status-publish","hentry","entry"],"_links":{"self":[{"href":"http:\/\/wpdogrodzenia.pl\/index.php\/wp-json\/wp\/v2\/pages\/50","targetHints":{"allow":["GET"]}}],"collection":[{"href":"http:\/\/wpdogrodzenia.pl\/index.php\/wp-json\/wp\/v2\/pages"}],"about":[{"href":"http:\/\/wpdogrodzenia.pl\/index.php\/wp-json\/wp\/v2\/types\/page"}],"author":[{"embeddable":true,"href":"http:\/\/wpdogrodzenia.pl\/index.php\/wp-json\/wp\/v2\/users\/1"}],"replies":[{"embeddable":true,"href":"http:\/\/wpdogrodzenia.pl\/index.php\/wp-json\/wp\/v2\/comments?post=50"}],"version-history":[{"count":28,"href":"http:\/\/wpdogrodzenia.pl\/index.php\/wp-json\/wp\/v2\/pages\/50\/revisions"}],"predecessor-version":[{"id":741,"href":"http:\/\/wpdogrodzenia.pl\/index.php\/wp-json\/wp\/v2\/pages\/50\/revisions\/741"}],"up":[{"embeddable":true,"href":"http:\/\/wpdogrodzenia.pl\/index.php\/wp-json\/wp\/v2\/pages\/31"}],"wp:attachment":[{"href":"http:\/\/wpdogrodzenia.pl\/index.php\/wp-json\/wp\/v2\/media?parent=50"}],"curies":[{"name":"wp","href":"https:\/\/api.w.org\/{rel}","templated":true}]}}